{"id":2457,"date":"2018-10-22T19:03:14","date_gmt":"2018-10-22T17:03:14","guid":{"rendered":"http:\/\/msconsultpartner.de\/?page_id=2457"},"modified":"2020-05-31T19:49:16","modified_gmt":"2020-05-31T17:49:16","slug":"wir-bringen-zusammen-was-zusammen-gehoert","status":"publish","type":"page","link":"https:\/\/msconsultpartner.de\/?page_id=2457","title":{"rendered":"Wir bringen zusammen, was zusammen geh\u00f6rt"},"content":{"rendered":"<h2>ms | consult partner ist Dein Spezialist f\u00fcr Jobs im Kundenservice und Vertrieb.<\/h2>\n<h3>Egal ob Kundenbetreuer, Vertriebs- oder F\u00fchrungskraft \u2013\u00a0 Jobs gibt es viele, den passenden gibt es bei uns.<\/h3>\n<p>&nbsp;<\/p>\n<h3><img loading=\"lazy\" decoding=\"async\" class=\"alignleft wp-image-2434 size-thumbnail\" src=\"http:\/\/msconsultpartner.de\/wp-content\/uploads\/2018\/10\/kunden-150x150.jpg\" alt=\"\" width=\"150\" height=\"150\" srcset=\"https:\/\/msconsultpartner.de\/wp-content\/uploads\/2018\/10\/kunden-150x150.jpg 150w, https:\/\/msconsultpartner.de\/wp-content\/uploads\/2018\/10\/kunden-60x60.jpg 60w\" sizes=\"auto, (max-width: 150px) 100vw, 150px\" \/>Kundenbetreuer<\/h3>\n<p>Du bist Berufseinsteiger oder hast bereits Berufserfahrung im Kundenservice? Als Kundenbetreuer oder Agent im Kundenservice macht Dir keiner etwas vor? Dann finde bei uns DEINEN Job. Auch als Quereinsteiger aus Gastronomie, Verkauf oder anderer T\u00e4tigkeit mit hoher Kundenorientierung bekommst Du bei uns Deine Chance.<\/p>\n<p>&nbsp;<\/p>\n<p>&nbsp;<\/p>\n<h3><img loading=\"lazy\" decoding=\"async\" class=\"alignleft wp-image-2432 size-thumbnail\" src=\"http:\/\/msconsultpartner.de\/wp-content\/uploads\/2018\/10\/consult-150x150.jpg\" alt=\"\" width=\"150\" height=\"150\" srcset=\"https:\/\/msconsultpartner.de\/wp-content\/uploads\/2018\/10\/consult-150x150.jpg 150w, https:\/\/msconsultpartner.de\/wp-content\/uploads\/2018\/10\/consult-60x60.jpg 60w\" sizes=\"auto, (max-width: 150px) 100vw, 150px\" \/>Vertriebs-Profis<\/h3>\n<p>Vertrieb ist Dein Leben? Du brennst daf\u00fcr, tolle Produkte an den Markt zu bringen? Du kannst gut \u00fcberzeugen? Wir finden f\u00fcr Dich eine neue berufliche Perspektive!<\/p>\n<p>&nbsp;<\/p>\n<p>&nbsp;<\/p>\n<p>&nbsp;<\/p>\n<h3><img loading=\"lazy\" decoding=\"async\" class=\"alignleft wp-image-2297 size-thumbnail\" src=\"http:\/\/msconsultpartner.de\/wp-content\/uploads\/2018\/10\/1-150x150.jpg\" alt=\"\" width=\"150\" height=\"150\" srcset=\"https:\/\/msconsultpartner.de\/wp-content\/uploads\/2018\/10\/1-150x150.jpg 150w, https:\/\/msconsultpartner.de\/wp-content\/uploads\/2018\/10\/1-60x60.jpg 60w\" sizes=\"auto, (max-width: 150px) 100vw, 150px\" \/>F\u00fchrungskr\u00e4fte<\/h3>\n<p>Du hast bereits F\u00fchrungserfahrung oder suchst den n\u00e4chsten Schritt als Team-, Projekt- oder Standortleiter, als Key Account Manager oder als Leiter einer Fachabteilung im Kundenservice? Dann sind Sie hier genau richtig!<\/p>\n<p>&nbsp;<\/p>\n<p>&nbsp;<\/p>\n<h3><i class=\"wp-svg-meter2 meter2\"><\/i> EINFACH &amp; SCHNELL<\/h3>\n<p>Du sendest uns unter <a href=\"http:\/\/msconsultpartner.de\/jobangebote\/\">Jobangebote<\/a> Deine Bewerbung zu einem f\u00fcr Dich passenden Job.<br \/>\nVerzichte dabei gerne auf ein zeitraubendes Anschreiben, Fragen kl\u00e4ren wir in einem Telefoninterview. Wir melden uns kurzfristig bei Dir. Sollten wir gemeinsam feststellen, dass es \u201ematcht\u201c, bekommst Du direkt die M\u00f6glichkeit, Dich vorzustellen. Wenn es dann passt, bekommst Du direkt Deinen Arbeitsvertrag beim Unternehmen.<\/p>\n<h3><i class=\"wp-svg-star-3 star-3\"><\/i> WERTSCH\u00c4TZEND<\/h3>\n<p>Es ist uns wichtig, Dich zu beraten und Dir einen m\u00f6glichst umfassendes Bild vom neuen Job zu geben. Wir vermitteln ausschliesslich in Unternehmen, die einen wertsch\u00e4tzenden Umgang mit Ihren Mitarbeitern pflegen.<\/p>\n<h3><i class=\"wp-svg-key-2 key-2\"><\/i> INDIVIDUELL<\/h3>\n<p>Sollte derzeit kein passender Job in der passenden Stadt zur Verf\u00fcgung stehen, bieten wir Dir die M\u00f6glichkeit in unserem Pool aufgenommen zu werden.<br \/>\nWir melden uns dann sofort bei Dir, sobald eine neue Vakanz entsteht.<\/p>\n","protected":false},"excerpt":{"rendered":"<p>ms | consult partner ist Dein Spezialist f\u00fcr Jobs im Kundenservice und Vertrieb. Egal ob Kundenbetreuer, Vertriebs- oder F\u00fchrungskraft \u2013\u00a0 Jobs gibt es viele, den passenden gibt es bei uns. [&hellip;]<\/p>\n","protected":false},"author":6,"featured_media":0,"parent":0,"menu_order":0,"comment_status":"closed","ping_status":"closed","template":"page-fullwidth.php","meta":{"footnotes":""},"class_list":["post-2457","page","type-page","status-publish","hentry"],"jetpack_sharing_enabled":true,"_links":{"self":[{"href":"https:\/\/msconsultpartner.de\/index.php?rest_route=\/wp\/v2\/pages\/2457","targetHints":{"allow":["GET"]}}],"collection":[{"href":"https:\/\/msconsultpartner.de\/index.php?rest_route=\/wp\/v2\/pages"}],"about":[{"href":"https:\/\/msconsultpartner.de\/index.php?rest_route=\/wp\/v2\/types\/page"}],"author":[{"embeddable":true,"href":"https:\/\/msconsultpartner.de\/index.php?rest_route=\/wp\/v2\/users\/6"}],"replies":[{"embeddable":true,"href":"https:\/\/msconsultpartner.de\/index.php?rest_route=%2Fwp%2Fv2%2Fcomments&post=2457"}],"version-history":[{"count":6,"href":"https:\/\/msconsultpartner.de\/index.php?rest_route=\/wp\/v2\/pages\/2457\/revisions"}],"predecessor-version":[{"id":8565,"href":"https:\/\/msconsultpartner.de\/index.php?rest_route=\/wp\/v2\/pages\/2457\/revisions\/8565"}],"wp:attachment":[{"href":"https:\/\/msconsultpartner.de\/index.php?rest_route=%2Fwp%2Fv2%2Fmedia&parent=2457"}],"curies":[{"name":"wp","href":"https:\/\/api.w.org\/{rel}","templated":true}]}}