{"id":1348,"date":"2013-01-06T12:46:48","date_gmt":"2013-01-06T12:46:48","guid":{"rendered":"http:\/\/inovado2.mintithemes.com\/?page_id=23"},"modified":"2020-09-09T09:11:39","modified_gmt":"2020-09-09T07:11:39","slug":"contact","status":"publish","type":"page","link":"https:\/\/msconsultpartner.de\/?page_id=1348","title":{"rendered":"Kontakt"},"content":{"rendered":"<p>M\u00f6chten Sie allgemeine Informationen zu unseren Leistungen? Kontakten Sie uns \u00fcber unten stehendes Formular. Wir werden Ihre Anfrage umgehend bearbeiten.<\/p>\n<div class=\"wpforms-container wpforms-container-full\" id=\"wpforms-53583\"><form id=\"wpforms-form-53583\" class=\"wpforms-validate wpforms-form\" data-formid=\"53583\" method=\"post\" enctype=\"multipart\/form-data\" action=\"\/index.php?rest_route=%2Fwp%2Fv2%2Fpages%2F1348\" data-token=\"ab439cdbb029717ddd6af6d1c4c22179\"><noscript class=\"wpforms-error-noscript\">Bitte aktiviere JavaScript in deinem Browser, um dieses Formular fertigzustellen.<\/noscript><div class=\"wpforms-field-container\"><div id=\"wpforms-53583-field_0-container\" class=\"wpforms-field wpforms-field-name\" data-field-id=\"0\"><label class=\"wpforms-field-label\" for=\"wpforms-53583-field_0\">Name <span class=\"wpforms-required-label\">*<\/span><\/label><div class=\"wpforms-field-row wpforms-field-medium\"><div class=\"wpforms-field-row-block wpforms-first wpforms-one-half\"><input type=\"text\" id=\"wpforms-53583-field_0\" class=\"wpforms-field-name-first wpforms-field-required\" name=\"wpforms[fields][0][first]\" required><label for=\"wpforms-53583-field_0\" class=\"wpforms-field-sublabel after \">Vorname<\/label><\/div><div class=\"wpforms-field-row-block wpforms-one-half\"><input type=\"text\" id=\"wpforms-53583-field_0-last\" class=\"wpforms-field-name-last wpforms-field-required\" name=\"wpforms[fields][0][last]\" required><label for=\"wpforms-53583-field_0-last\" class=\"wpforms-field-sublabel after \">Nachname<\/label><\/div><\/div><\/div><div id=\"wpforms-53583-field_1-container\" class=\"wpforms-field wpforms-field-email\" data-field-id=\"1\"><label class=\"wpforms-field-label\" for=\"wpforms-53583-field_1\">E-Mail <span class=\"wpforms-required-label\">*<\/span><\/label><input type=\"email\" id=\"wpforms-53583-field_1\" class=\"wpforms-field-medium wpforms-field-required\" name=\"wpforms[fields][1]\" required><\/div><div id=\"wpforms-53583-field_2-container\" class=\"wpforms-field wpforms-field-textarea\" data-field-id=\"2\"><label class=\"wpforms-field-label\" for=\"wpforms-53583-field_2\">Kommentar oder Nachricht <span class=\"wpforms-required-label\">*<\/span><\/label><textarea id=\"wpforms-53583-field_2\" class=\"wpforms-field-medium wpforms-field-required\" name=\"wpforms[fields][2]\" required><\/textarea><\/div><\/div><div class=\"wpforms-submit-container\" ><input type=\"hidden\" name=\"wpforms[id]\" value=\"53583\"><input type=\"hidden\" name=\"wpforms[author]\" value=\"6\"><button type=\"submit\" name=\"wpforms[submit]\" class=\"wpforms-submit \" id=\"wpforms-submit-53583\" value=\"wpforms-submit\" aria-live=\"assertive\" data-alt-text=\"Senden...\" data-submit-text=\"Absenden\">Absenden<\/button><\/div><\/form><\/div>  <!-- .wpforms-container -->\n<div class=\"two_third\">\n<h3 class=\"title\"><span><\/span><\/h3>\n<\/div>\n<div class=\"one_third last\"><\/div>\n<div class=\"clear\"><\/div>\n<h3 class=\"title\"><span>Kontakt f\u00fcr Unternehmen<\/span><\/h3>\n<p><strong>Melanie Stein<\/strong><\/p>\n<ul>\n<li>\n<div>Fon +49 (0)\u00a0176-40 455 300<\/div>\n<\/li>\n<\/ul>\n<p>&nbsp;<\/p>\n<h3 class=\"title\"><span>B\u00fcrozeiten<\/span><\/h3>\n<p><i class=\"icon-time\"><\/i> <strong>Mo-Fr:<\/strong>\u00a09:00 bis 20:00 Uhr<\/p>\n<p>&nbsp;<\/p>\n","protected":false},"excerpt":{"rendered":"<p>M\u00f6chten Sie allgemeine Informationen zu unseren Leistungen? Kontakten Sie uns \u00fcber unten stehendes Formular. Wir werden Ihre Anfrage umgehend bearbeiten. Kontakt f\u00fcr Unternehmen Melanie Stein Fon +49 (0)\u00a0176-40 455 300 [&hellip;]<\/p>\n","protected":false},"author":6,"featured_media":0,"parent":0,"menu_order":0,"comment_status":"closed","ping_status":"open","template":"","meta":{"footnotes":""},"class_list":["post-1348","page","type-page","status-publish","hentry"],"jetpack_sharing_enabled":true,"_links":{"self":[{"href":"https:\/\/msconsultpartner.de\/index.php?rest_route=\/wp\/v2\/pages\/1348","targetHints":{"allow":["GET"]}}],"collection":[{"href":"https:\/\/msconsultpartner.de\/index.php?rest_route=\/wp\/v2\/pages"}],"about":[{"href":"https:\/\/msconsultpartner.de\/index.php?rest_route=\/wp\/v2\/types\/page"}],"author":[{"embeddable":true,"href":"https:\/\/msconsultpartner.de\/index.php?rest_route=\/wp\/v2\/users\/6"}],"replies":[{"embeddable":true,"href":"https:\/\/msconsultpartner.de\/index.php?rest_route=%2Fwp%2Fv2%2Fcomments&post=1348"}],"version-history":[{"count":29,"href":"https:\/\/msconsultpartner.de\/index.php?rest_route=\/wp\/v2\/pages\/1348\/revisions"}],"predecessor-version":[{"id":53734,"href":"https:\/\/msconsultpartner.de\/index.php?rest_route=\/wp\/v2\/pages\/1348\/revisions\/53734"}],"wp:attachment":[{"href":"https:\/\/msconsultpartner.de\/index.php?rest_route=%2Fwp%2Fv2%2Fmedia&parent=1348"}],"curies":[{"name":"wp","href":"https:\/\/api.w.org\/{rel}","templated":true}]}}